{"id":705,"date":"2025-05-17T05:06:14","date_gmt":"2025-05-17T05:06:14","guid":{"rendered":"https:\/\/shalomtothenations.org\/?page_id=705"},"modified":"2026-02-03T08:09:36","modified_gmt":"2026-02-03T08:09:36","slug":"shalom-to-the-nations-foundation","status":"publish","type":"page","link":"https:\/\/shalomtothenations.org\/en\/shalom-to-the-nations-foundation\/","title":{"rendered":"Shalom To The Nations Foundation"},"content":{"rendered":"\t\t<div data-elementor-type=\"wp-page\" data-elementor-id=\"705\" class=\"elementor elementor-705\" data-elementor-post-type=\"page\">\n\t\t\t\t<div class=\"elementor-element elementor-element-2e63240c e-flex e-con-boxed e-con e-parent\" data-id=\"2e63240c\" data-element_type=\"container\" data-e-type=\"container\">\n\t\t\t\t\t<div class=\"e-con-inner\">\n\t\t<div class=\"elementor-element elementor-element-6a85e882 e-con-full e-flex e-con e-child\" data-id=\"6a85e882\" data-element_type=\"container\" data-e-type=\"container\" data-settings=\"{&quot;background_background&quot;:&quot;classic&quot;}\">\n\t\t\t\t<div class=\"elementor-element elementor-element-5f56c3f7 elementor-widget elementor-widget-heading\" data-id=\"5f56c3f7\" data-element_type=\"widget\" data-e-type=\"widget\" data-widget_type=\"heading.default\">\n\t\t\t\t<div class=\"elementor-widget-container\">\n\t\t\t\t\t<h1 class=\"elementor-heading-title elementor-size-default\">STNI Foundation<\/h1>\t\t\t\t<\/div>\n\t\t\t\t<\/div>\n\t\t\t\t<\/div>\n\t\t\t\t\t<\/div>\n\t\t\t\t<\/div>\n\t\t<div class=\"elementor-element elementor-element-e1993c3 e-flex e-con-boxed e-con e-parent\" data-id=\"e1993c3\" data-element_type=\"container\" data-e-type=\"container\">\n\t\t\t\t\t<div class=\"e-con-inner\">\n\t\t\t\t<div class=\"elementor-element elementor-element-a4f2ec6 elementor-widget__width-initial elementor-widget elementor-widget-text-editor\" data-id=\"a4f2ec6\" data-element_type=\"widget\" data-e-type=\"widget\" data-widget_type=\"text-editor.default\">\n\t\t\t\t<div class=\"elementor-widget-container\">\n\t\t\t\t\t\t\t\t\t<p>In New Zealand, there is a saying, \u201cN\u0101 t\u014d rourou n\u0101 taku rourou ka ora ai te iwi.<br \/>Meaning: \u201cWith your basket and my basket, we will sustain the people.<\/p><p><span style=\"font-weight: 400;\"><br \/><\/span><span style=\"font-weight: 400;\">Since 2015, the Foundation, which is a branch of Shalom To The Nations International, has delivered <\/span><b>sustainable<\/b><span style=\"font-weight: 400;\"> solutions. Far beyond handouts to rural and remote communities in Canada, Rwanda, Nigeria, and Kenya. For over 10 years, we\u2019ve built trust by working with locals on real problems (like water supply during dry seasons) and have clear results to show.<\/span><\/p><p>\u00a0<\/p><p>As STNI celebrates its 10th anniversary, the looming threat of severe hunger and famine across the geographic regions where we operate challenges communities&#8217; hopes. The latest FAO-WFP hunger hotspots report is a five-alarm fire bell for Africa. More than 24 million people are now facing severe hunger, and hundreds of thousands are already living through famine conditions. But we cannot lose sight of the potential of communities, their collective action, and their efforts to ensure sustainable futures for themselves and future generations. And because of people on the ground who are investing and planning owned by local communities themselves, the future is hopeful. The primary mandate of the STNI Foundation is to raise funds for critical community-driven development projects.<\/p>\t\t\t\t\t\t\t\t<\/div>\n\t\t\t\t<\/div>\n\t\t<div class=\"elementor-element elementor-element-a819234 e-con-full e-flex e-con e-child\" data-id=\"a819234\" data-element_type=\"container\" data-e-type=\"container\">\n\t\t\t\t<div class=\"elementor-element elementor-element-b2b38f7 elementor-align-right elementor-widget elementor-widget-button\" data-id=\"b2b38f7\" data-element_type=\"widget\" data-e-type=\"widget\" data-widget_type=\"button.default\">\n\t\t\t\t<div class=\"elementor-widget-container\">\n\t\t\t\t\t\t\t\t\t<div class=\"elementor-button-wrapper\">\n\t\t\t\t\t<a class=\"elementor-button elementor-size-sm\" role=\"button\">\n\t\t\t\t\t\t<span class=\"elementor-button-content-wrapper\">\n\t\t\t\t\t\t\t\t\t<span class=\"elementor-button-text\">Donate Now<\/span>\n\t\t\t\t\t<\/span>\n\t\t\t\t\t<\/a>\n\t\t\t\t<\/div>\n\t\t\t\t\t\t\t\t<\/div>\n\t\t\t\t<\/div>\n\t\t\t\t<div class=\"elementor-element elementor-element-4fbcdca elementor-align-right elementor-widget elementor-widget-button\" data-id=\"4fbcdca\" data-element_type=\"widget\" data-e-type=\"widget\" data-widget_type=\"button.default\">\n\t\t\t\t<div class=\"elementor-widget-container\">\n\t\t\t\t\t\t\t\t\t<div class=\"elementor-button-wrapper\">\n\t\t\t\t\t<a class=\"elementor-button elementor-button-link elementor-size-sm\" href=\"https:\/\/shalomtothenations.org\/en\/volunteer\/\">\n\t\t\t\t\t\t<span class=\"elementor-button-content-wrapper\">\n\t\t\t\t\t\t<span class=\"elementor-button-icon\">\n\t\t\t\t<svg aria-hidden=\"true\" class=\"e-font-icon-svg e-fas-arrow-right\" viewBox=\"0 0 448 512\" xmlns=\"http:\/\/www.w3.org\/2000\/svg\"><path d=\"M190.5 66.9l22.2-22.2c9.4-9.4 24.6-9.4 33.9 0L441 239c9.4 9.4 9.4 24.6 0 33.9L246.6 467.3c-9.4 9.4-24.6 9.4-33.9 0l-22.2-22.2c-9.5-9.5-9.3-25 .4-34.3L311.4 296H24c-13.3 0-24-10.7-24-24v-32c0-13.3 10.7-24 24-24h287.4L190.9 101.2c-9.8-9.3-10-24.8-.4-34.3z\"><\/path><\/svg>\t\t\t<\/span>\n\t\t\t\t\t\t\t\t\t<span class=\"elementor-button-text\">Voluteer Now<\/span>\n\t\t\t\t\t<\/span>\n\t\t\t\t\t<\/a>\n\t\t\t\t<\/div>\n\t\t\t\t\t\t\t\t<\/div>\n\t\t\t\t<\/div>\n\t\t\t\t<\/div>\n\t\t\t\t<div class=\"elementor-element elementor-element-3adc5f8 elementor-widget elementor-widget-image\" data-id=\"3adc5f8\" data-element_type=\"widget\" data-e-type=\"widget\" data-widget_type=\"image.default\">\n\t\t\t\t<div class=\"elementor-widget-container\">\n\t\t\t\t\t\t\t\t\t\t\t\t\t\t\t<img fetchpriority=\"high\" decoding=\"async\" width=\"800\" height=\"600\" src=\"https:\/\/shalomtothenations.org\/wp-content\/uploads\/2025\/12\/image-school--1024x768.jpg\" class=\"attachment-large size-large wp-image-1825\" alt=\"\" srcset=\"https:\/\/shalomtothenations.org\/wp-content\/uploads\/2025\/12\/image-school--1024x768.jpg 1024w, https:\/\/shalomtothenations.org\/wp-content\/uploads\/2025\/12\/image-school--300x225.jpg 300w, https:\/\/shalomtothenations.org\/wp-content\/uploads\/2025\/12\/image-school--768x576.jpg 768w, https:\/\/shalomtothenations.org\/wp-content\/uploads\/2025\/12\/image-school--1536x1152.jpg 1536w, https:\/\/shalomtothenations.org\/wp-content\/uploads\/2025\/12\/image-school-.jpg 1600w\" sizes=\"(max-width: 800px) 100vw, 800px\" \/>\t\t\t\t\t\t\t\t\t\t\t\t\t\t\t<\/div>\n\t\t\t\t<\/div>\n\t\t\t\t\t<\/div>\n\t\t\t\t<\/div>\n\t\t<div class=\"elementor-element elementor-element-7718d6c5 e-flex e-con-boxed e-con e-parent\" data-id=\"7718d6c5\" data-element_type=\"container\" data-e-type=\"container\" data-settings=\"{&quot;background_background&quot;:&quot;classic&quot;}\">\n\t\t\t\t\t<div class=\"e-con-inner\">\n\t\t\t\t<div class=\"elementor-element elementor-element-220b7c9e elementor-widget elementor-widget-heading\" data-id=\"220b7c9e\" data-element_type=\"widget\" data-e-type=\"widget\" data-widget_type=\"heading.default\">\n\t\t\t\t<div class=\"elementor-widget-container\">\n\t\t\t\t\t<h3 class=\"elementor-heading-title elementor-size-default\">Donate<\/h3>\t\t\t\t<\/div>\n\t\t\t\t<\/div>\n\t\t\t\t<div class=\"elementor-element elementor-element-5641e0bc elementor-widget__width-initial elementor-widget-tablet_extra__width-initial elementor-invisible elementor-widget elementor-widget-heading\" data-id=\"5641e0bc\" data-element_type=\"widget\" data-e-type=\"widget\" data-settings=\"{&quot;_animation&quot;:&quot;fadeInUp&quot;}\" data-widget_type=\"heading.default\">\n\t\t\t\t<div class=\"elementor-widget-container\">\n\t\t\t\t\t<h2 class=\"elementor-heading-title elementor-size-default\"><b>PLEDGE OF TRANSPARENCY AND ACCOUNTABILITY<\/b><\/h2>\t\t\t\t<\/div>\n\t\t\t\t<\/div>\n\t\t\t\t<div class=\"elementor-element elementor-element-3c49fc63 elementor-widget__width-initial elementor-widget elementor-widget-text-editor\" data-id=\"3c49fc63\" data-element_type=\"widget\" data-e-type=\"widget\" data-widget_type=\"text-editor.default\">\n\t\t\t\t<div class=\"elementor-widget-container\">\n\t\t\t\t\t\t\t\t\t<p>We use 100% of donations on projects. Detailed breakdowns are available upon request.<\/p>\t\t\t\t\t\t\t\t<\/div>\n\t\t\t\t<\/div>\n\t\t\t\t<div class=\"elementor-element elementor-element-16536d05 elementor-align-right elementor-invisible elementor-widget elementor-widget-button\" data-id=\"16536d05\" data-element_type=\"widget\" data-e-type=\"widget\" data-settings=\"{&quot;_animation&quot;:&quot;fadeInUp&quot;,&quot;_animation_delay&quot;:200}\" data-widget_type=\"button.default\">\n\t\t\t\t<div class=\"elementor-widget-container\">\n\t\t\t\t\t\t\t\t\t<div class=\"elementor-button-wrapper\">\n\t\t\t\t\t<a class=\"elementor-button elementor-button-link elementor-size-sm\" href=\"https:\/\/shalomtothenations.org\/en\/donations\/fundraising-campaign\/\">\n\t\t\t\t\t\t<span class=\"elementor-button-content-wrapper\">\n\t\t\t\t\t\t\t\t\t<span class=\"elementor-button-text\">Donate Now<\/span>\n\t\t\t\t\t<\/span>\n\t\t\t\t\t<\/a>\n\t\t\t\t<\/div>\n\t\t\t\t\t\t\t\t<\/div>\n\t\t\t\t<\/div>\n\t\t\t\t\t<\/div>\n\t\t\t\t<\/div>\n\t\t\t\t<\/div>\n\t\t","protected":false},"excerpt":{"rendered":"<p>STNI Foundation In New Zealand, there is a saying, \u201cN\u0101 t\u014d rourou n\u0101 taku rourou ka ora ai te iwi.Meaning: \u201cWith your basket and my basket, we will sustain the people. Since 2015, the Foundation, which is a branch of Shalom To The Nations International, has delivered sustainable solutions. Far beyond handouts to rural and [&hellip;]<\/p>\n","protected":false},"author":1,"featured_media":0,"parent":0,"menu_order":0,"comment_status":"closed","ping_status":"closed","template":"","meta":{"_acf_changed":false,"give_campaign_id":0,"_eb_attr":"","om_disable_all_campaigns":false,"_monsterinsights_skip_tracking":false,"_monsterinsights_sitenote_active":false,"_monsterinsights_sitenote_note":"","_monsterinsights_sitenote_category":0,"_uf_show_specific_survey":0,"_uf_disable_surveys":false,"footnotes":""},"class_list":["post-705","page","type-page","status-publish","hentry"],"acf":[],"aioseo_notices":[],"campaignId":"","_links":{"self":[{"href":"https:\/\/shalomtothenations.org\/en\/wp-json\/wp\/v2\/pages\/705","targetHints":{"allow":["GET"]}}],"collection":[{"href":"https:\/\/shalomtothenations.org\/en\/wp-json\/wp\/v2\/pages"}],"about":[{"href":"https:\/\/shalomtothenations.org\/en\/wp-json\/wp\/v2\/types\/page"}],"author":[{"embeddable":true,"href":"https:\/\/shalomtothenations.org\/en\/wp-json\/wp\/v2\/users\/1"}],"replies":[{"embeddable":true,"href":"https:\/\/shalomtothenations.org\/en\/wp-json\/wp\/v2\/comments?post=705"}],"version-history":[{"count":133,"href":"https:\/\/shalomtothenations.org\/en\/wp-json\/wp\/v2\/pages\/705\/revisions"}],"predecessor-version":[{"id":2231,"href":"https:\/\/shalomtothenations.org\/en\/wp-json\/wp\/v2\/pages\/705\/revisions\/2231"}],"wp:attachment":[{"href":"https:\/\/shalomtothenations.org\/en\/wp-json\/wp\/v2\/media?parent=705"}],"curies":[{"name":"wp","href":"https:\/\/api.w.org\/{rel}","templated":true}]}}